{"id":798,"date":"2023-08-03T15:11:55","date_gmt":"2023-08-03T13:11:55","guid":{"rendered":"https:\/\/www.caplift.de\/?page_id=798"},"modified":"2024-02-16T12:04:47","modified_gmt":"2024-02-16T11:04:47","slug":"protection-des-donnees","status":"publish","type":"page","link":"https:\/\/www.caplift.de\/fr\/protection-des-donnees\/","title":{"rendered":"Protection des donn\u00e9es"},"content":{"rendered":"<div  class='flex_column av-2nrv-a5018e2d1d6005389b80fddf5b52d75f av_one_full  avia-builder-el-0  avia-builder-el-no-sibling  first flex_column_div  '     ><section  class='av_textblock_section av-lpjn04it-1c5959fc36d72636bbc9caa57f928594 '   itemscope=\"itemscope\" itemtype=\"https:\/\/schema.org\/CreativeWork\" ><div class='avia_textblock'  itemprop=\"text\" ><h1>Protection des donn\u00e9es<\/h1>\n<h2>1. La protection des donn\u00e9es en un coup d&rsquo;\u0153il<\/h2>\n<h3>Informations g\u00e9n\u00e9rales<\/h3>\n<p>Les informations suivantes donnent un aper\u00e7u simple de ce qui arrive \u00e0 vos donn\u00e9es personnelles lorsque vous visitez notre site Web. Les donn\u00e9es personnelles sont toutes les donn\u00e9es qui peuvent \u00eatre utilis\u00e9es pour vous identifier personnellement. Vous trouverez des informations d\u00e9taill\u00e9es sur le sujet de la protection des donn\u00e9es dans notre d\u00e9claration de protection des donn\u00e9es figurant sous ce texte.<\/p>\n<h3>Collecte de donn\u00e9es sur notre site Internet<\/h3>\n<p><strong>Qui est responsable de la collecte des donn\u00e9es sur ce site Web ?<\/strong><\/p>\n<p>Le traitement des donn\u00e9es sur ce site Internet est effectu\u00e9 par l&rsquo;exploitant du site Internet. Vous pouvez trouver leurs coordonn\u00e9es dans les mentions l\u00e9gales de ce site Web.<\/p>\n<p><strong>Comment collectons-nous vos donn\u00e9es ?<\/strong><\/p>\n<p>D&rsquo;une part, vos donn\u00e9es sont collect\u00e9es lorsque vous nous les fournissez. Il peut s&rsquo;agir par exemple de donn\u00e9es que vous saisissez dans un formulaire de contact.<\/p>\n<p>D&rsquo;autres donn\u00e9es sont automatiquement collect\u00e9es par nos syst\u00e8mes informatiques lorsque vous visitez le site Web. Il s&rsquo;agit principalement de donn\u00e9es techniques (par exemple navigateur Internet, syst\u00e8me d&rsquo;exploitation ou heure d&rsquo;acc\u00e8s \u00e0 la page). Ces donn\u00e9es sont collect\u00e9es automatiquement d\u00e8s que vous entrez sur notre site Internet.<\/p>\n<p><strong>\u00c0 quelle fin utilisons-nous vos donn\u00e9es ?<\/strong><\/p>\n<p>Certaines donn\u00e9es sont collect\u00e9es pour garantir que le site Web est fourni sans erreur. D&rsquo;autres donn\u00e9es peuvent \u00eatre utilis\u00e9es pour analyser votre comportement d&rsquo;utilisateur.<\/p>\n<p><strong>Quels sont vos droits concernant vos donn\u00e9es ?<\/strong><\/p>\n<p>Vous avez le droit de recevoir gratuitement \u00e0 tout moment des informations sur l&rsquo;origine, le destinataire et la finalit\u00e9 de vos donn\u00e9es personnelles stock\u00e9es. Vous avez \u00e9galement le droit de demander que ces donn\u00e9es soient corrig\u00e9es, bloqu\u00e9es ou supprim\u00e9es. Vous pouvez nous contacter \u00e0 tout moment \u00e0 l&rsquo;adresse indiqu\u00e9e dans les mentions l\u00e9gales si vous avez d&rsquo;autres questions sur la protection des donn\u00e9es. Vous avez \u00e9galement le droit de d\u00e9poser une plainte aupr\u00e8s de l&rsquo;autorit\u00e9 de contr\u00f4le comp\u00e9tente.<\/p>\n<h2>2. Informations g\u00e9n\u00e9rales et informations obligatoires<\/h2>\n<h3>Protection des donn\u00e9es<\/h3>\n<p>Les exploitants de ces sites prennent tr\u00e8s au s\u00e9rieux la protection de vos donn\u00e9es personnelles. Nous traitons vos donn\u00e9es personnelles de mani\u00e8re confidentielle et conform\u00e9ment aux dispositions l\u00e9gales en mati\u00e8re de protection des donn\u00e9es et \u00e0 la pr\u00e9sente d\u00e9claration de protection des donn\u00e9es.<\/p>\n<p>Lorsque vous utilisez ce site Internet, diverses donn\u00e9es personnelles sont collect\u00e9es. Les donn\u00e9es personnelles sont des donn\u00e9es qui peuvent \u00eatre utilis\u00e9es pour vous identifier personnellement. Cette d\u00e9claration de protection des donn\u00e9es explique quelles donn\u00e9es nous collectons et \u00e0 quoi nous les utilisons. Il explique \u00e9galement comment et dans quel but cela se produit.<\/p>\n<p>Nous attirons votre attention sur le fait que la transmission de donn\u00e9es sur Internet (par exemple lors de la communication par courrier \u00e9lectronique) peut pr\u00e9senter des failles de s\u00e9curit\u00e9. Une protection compl\u00e8te des donn\u00e9es contre l&rsquo;acc\u00e8s par des tiers n&rsquo;est pas possible.<\/p>\n<h3>Remarque sur l&rsquo;organisme responsable<\/h3>\n<p>Le responsable du traitement des donn\u00e9es sur ce site Internet est :<\/p>\n<p>SKZ Soci\u00e9t\u00e9 Distributrice<br \/>\nFrank Stra\u00dfer<br \/>\nT\u00fcfinger Stra\u00dfe 6<br \/>\n88690 Uhldingen-M\u00fchlhofen<br \/>\nAllemagne<\/p>\n<p><a href=\"https:\/\/www.caplift.de\/fr\/\" target=\"_blank\" rel=\"noopener\">https:\/\/www.caplift.de<\/a><\/p>\n<p>T\u00e9l\u00e9phone: +49 7556 929730<br \/>\ninfo@caplift.de<\/p>\n<p>Le responsable est la personne physique ou morale qui, seule ou conjointement avec d&rsquo;autres, d\u00e9cide des finalit\u00e9s et des moyens du traitement des donn\u00e9es personnelles (par exemple noms, adresses e-mail, etc.).<\/p>\n<h3>R\u00e9vocation de votre consentement au traitement des donn\u00e9es<\/h3>\n<p>De nombreux traitements de donn\u00e9es ne sont possibles qu&rsquo;avec votre consentement expr\u00e8s. Vous pouvez r\u00e9voquer \u00e0 tout moment tout consentement que vous avez d\u00e9j\u00e0 donn\u00e9. Tout ce que vous avez \u00e0 faire est de nous envoyer un e-mail informel. La lic\u00e9it\u00e9 du traitement des donn\u00e9es effectu\u00e9 jusqu&rsquo;\u00e0 la r\u00e9vocation n&rsquo;est pas affect\u00e9e par la r\u00e9vocation.<\/p>\n<h3>Droit de d\u00e9poser une plainte aupr\u00e8s de l\u2019autorit\u00e9 de contr\u00f4le comp\u00e9tente<\/h3>\n<p>En cas de violation de la protection des donn\u00e9es, la personne concern\u00e9e a le droit de d\u00e9poser une plainte aupr\u00e8s de l&rsquo;autorit\u00e9 de contr\u00f4le comp\u00e9tente. L&rsquo;autorit\u00e9 de contr\u00f4le comp\u00e9tente en mati\u00e8re de protection des donn\u00e9es est le d\u00e9l\u00e9gu\u00e9 \u00e0 la protection des donn\u00e9es de l&rsquo;\u00c9tat f\u00e9d\u00e9ral dans lequel notre entreprise est bas\u00e9e. Une liste des d\u00e9l\u00e9gu\u00e9s \u00e0 la protection des donn\u00e9es et leurs coordonn\u00e9es sont disponibles sur le lien suivant :<a href=\"https:\/\/www.bfdi.bund.de\/DE\/Infothek\/Anschriften_Links\/anschriften_links-node.html\" target=\"_blank\" rel=\"noopener\">https:\/\/www.bfdi.bund.de\/DE\/Infothek\/Anschriften_Links\/anschriften_links-node.html<\/a>.<\/p>\n<h3>Droit \u00e0 la portabilit\u00e9 des donn\u00e9es<\/h3>\n<p>Vous avez le droit de demander que les donn\u00e9es que nous traitons automatiquement sur la base de votre consentement ou en ex\u00e9cution d&rsquo;un contrat soient transmises \u00e0 vous ou \u00e0 un tiers dans un format commun lisible par machine. Si vous demandez que les donn\u00e9es soient transf\u00e9r\u00e9es directement \u00e0 un autre responsable, cela ne sera fait que si cela est techniquement possible.<\/p>\n<h3>Cryptage SSL ou TLS<\/h3>\n<p>Pour des raisons de s\u00e9curit\u00e9 et pour prot\u00e9ger la transmission de contenus confidentiels, tels que les commandes ou les demandes de renseignements que vous nous envoyez en tant qu&rsquo;exploitant du site, ce site utilise un SSL ou. Cryptage TLS. Vous pouvez reconna\u00eetre une connexion crypt\u00e9e gr\u00e2ce \u00e0 la ligne d&rsquo;adresse du navigateur qui passe de \u00ab http:\/\/ \u00bb \u00e0 \u00ab https:\/\/ \u00bb et au symbole de cadenas dans la ligne de votre navigateur.<\/p>\n<p>Si le cryptage SSL ou TLS est activ\u00e9, les donn\u00e9es que vous nous transmettez ne pourront pas \u00eatre lues par des tiers.<\/p>\n<h3>Information, blocage, suppression<\/h3>\n<p>Dans le cadre des dispositions l\u00e9gales applicables, vous disposez \u00e0 tout moment d&rsquo;un droit d&rsquo;information gratuite sur vos donn\u00e9es personnelles stock\u00e9es, de leur origine et de leur destinataire ainsi que de la finalit\u00e9 du traitement des donn\u00e9es et, le cas \u00e9ch\u00e9ant, d&rsquo;un droit de rectification, de blocage ou de suppression de ces donn\u00e9es. . Vous pouvez nous contacter \u00e0 tout moment \u00e0 l&rsquo;adresse indiqu\u00e9e dans les mentions l\u00e9gales \u00e0 cet effet ou pour d&rsquo;autres questions au sujet des donn\u00e9es personnelles.<\/p>\n<h3>Objection aux e-mails publicitaires<\/h3>\n<p>L&rsquo;utilisation des coordonn\u00e9es publi\u00e9es dans le cadre de l&rsquo;obligation de mentions l\u00e9gales pour l&rsquo;envoi de mat\u00e9riel publicitaire et d&rsquo;information non sollicit\u00e9 est interdite. Les exploitants des pages se r\u00e9servent express\u00e9ment le droit d&rsquo;engager des poursuites judiciaires en cas d&rsquo;envoi d&rsquo;informations publicitaires non sollicit\u00e9es, telles que des spams.<\/p>\n<h2>3. Collecte de donn\u00e9es sur notre site Internet<\/h2>\n<h3>Fichiers journaux du serveur<\/h3>\n<p>Le fournisseur des pages collecte et stocke automatiquement des informations dans des fichiers journaux de serveur, que votre navigateur nous transmet automatiquement. Ceux-ci sont:<\/p>\n<ul>\n<li>Type de navigateur et version du navigateur<\/li>\n<li>syst\u00e8me d&rsquo;exploitation utilis\u00e9<\/li>\n<li>URL de r\u00e9f\u00e9rence<\/li>\n<li>Nom d&rsquo;h\u00f4te de l&rsquo;ordinateur acc\u00e9dant<\/li>\n<li>Heure de la demande du serveur<\/li>\n<li>adresse IP<\/li>\n<\/ul>\n<p>Ces donn\u00e9es ne seront pas fusionn\u00e9es avec d&rsquo;autres sources de donn\u00e9es.<\/p>\n<p>La base du traitement des donn\u00e9es est l&rsquo;article 6, paragraphe 1, du RGPD. 1 lit. f RGPD, qui permet le traitement des donn\u00e9es pour ex\u00e9cuter un contrat ou des mesures pr\u00e9contractuelles.<\/p>\n<h3>Formulaire de contact<\/h3>\n<p>Si vous nous envoyez des demandes en utilisant le formulaire de contact, vos coordonn\u00e9es contenues dans le formulaire de demande, y compris les coordonn\u00e9es que vous y avez fournies, seront stock\u00e9es par nos soins afin de traiter la demande et en cas de questions compl\u00e9mentaires. Nous ne transmettrons pas ces donn\u00e9es sans votre consentement.<\/p>\n<p>Les donn\u00e9es saisies dans le formulaire de contact sont donc trait\u00e9es exclusivement sur la base de votre consentement (article 6, paragraphe 1, lit. a du RGPD). Vous pouvez r\u00e9voquer ce consentement \u00e0 tout moment. Tout ce que vous avez \u00e0 faire est de nous envoyer un e-mail informel. La l\u00e9galit\u00e9 des traitements de donn\u00e9es effectu\u00e9s jusqu&rsquo;au moment de la r\u00e9vocation n&rsquo;est pas affect\u00e9e par la r\u00e9vocation.<\/p>\n<p>Les donn\u00e9es que vous saisissez dans le formulaire de contact resteront chez nous jusqu&rsquo;\u00e0 ce que vous nous demandiez de les supprimer, que vous r\u00e9voquiez votre consentement au stockage ou que la finalit\u00e9 du stockage des donn\u00e9es ne s&rsquo;applique plus (par exemple apr\u00e8s le traitement de votre demande). Les dispositions l\u00e9gales obligatoires \u2013 en particulier les d\u00e9lais de conservation \u2013 restent inchang\u00e9es.<\/p>\n<h2>4. Plugins et outils<\/h2>\n<h3>YouTube<\/h3>\n<p>Notre site Internet utilise des plugins du site YouTube exploit\u00e9 par Google. Le site Internet est exploit\u00e9 par YouTube, LLC, 901 Cherry Ave., San Bruno, CA 94066, USA.<\/p>\n<p>Lorsque vous visitez l&rsquo;une de nos pages \u00e9quip\u00e9e d&rsquo;un plugin YouTube, une connexion aux serveurs de YouTube est \u00e9tablie. Le serveur YouTube est inform\u00e9 des pages que vous avez visit\u00e9es.<\/p>\n<p>Si vous \u00eates connect\u00e9 \u00e0 votre compte YouTube, vous autorisez YouTube \u00e0 attribuer votre comportement de navigation directement \u00e0 votre profil personnel. Vous pouvez \u00e9viter cela en vous d\u00e9connectant de votre compte YouTube.<\/p>\n<p>L&rsquo;utilisation de YouTube est dans l&rsquo;int\u00e9r\u00eat d&rsquo;une pr\u00e9sentation attrayante de nos offres en ligne. Cela repr\u00e9sente un int\u00e9r\u00eat l\u00e9gitime au sens de l&rsquo;article 6, paragraphe 1, du RGPD. 1 lit. f RGPD.<\/p>\n<p>De plus amples informations sur la mani\u00e8re de traiter les donn\u00e9es des utilisateurs sont disponibles dans la politique de confidentialit\u00e9 de YouTube \u00e0 l&rsquo;adresse: <a href=\"https:\/\/www.google.de\/intl\/de\/policies\/privacy\" target=\"_blank\" rel=\"noopener\">https:\/\/www.google.de\/intl\/de\/policies\/privacy<\/a>.<\/p>\n<h3>Google Maps<\/h3>\n<p>Ce site utilise le service de cartographie Google Maps via une API. Le fournisseur est Google Inc., 1600 Amphitheatre Parkway, Mountain View, CA 94043, USA.<\/p>\n<p>Afin d&rsquo;utiliser les fonctions de Google Maps, il est n\u00e9cessaire d&rsquo;enregistrer votre adresse IP. Ces informations sont g\u00e9n\u00e9ralement transmises \u00e0 un serveur de Google aux \u00c9tats-Unis et y sont stock\u00e9es. Le fournisseur de ce site n&rsquo;a aucune influence sur ce transfert de donn\u00e9es.<\/p>\n<p>L&rsquo;utilisation de Google Maps est dans l&rsquo;int\u00e9r\u00eat d&rsquo;une pr\u00e9sentation attrayante de nos offres en ligne et de faciliter la recherche des lieux que nous indiquons sur le site Internet. Cela repr\u00e9sente un int\u00e9r\u00eat l\u00e9gitime au sens de l&rsquo;article 6, paragraphe 1, du RGPD. 1 lit. RGPD.<\/p>\n<p>Vous pouvez trouver plus d&rsquo;informations sur la mani\u00e8re dont nous traitons les donn\u00e9es des utilisateurs dans la politique de confidentialit\u00e9 de Google : <a href=\"https:\/\/www.google.de\/intl\/de\/policies\/privacy\/\" target=\"_blank\" rel=\"noopener\">https:\/\/www.google.de\/intl\/de\/policies\/privacy\/<\/a>.<\/p>\n<\/div><\/section><\/div>\n","protected":false},"excerpt":{"rendered":"","protected":false},"author":2,"featured_media":0,"parent":0,"menu_order":0,"comment_status":"closed","ping_status":"closed","template":"","meta":{"footnotes":""},"class_list":["post-798","page","type-page","status-publish","hentry"],"_links":{"self":[{"href":"https:\/\/www.caplift.de\/fr\/wp-json\/wp\/v2\/pages\/798","targetHints":{"allow":["GET"]}}],"collection":[{"href":"https:\/\/www.caplift.de\/fr\/wp-json\/wp\/v2\/pages"}],"about":[{"href":"https:\/\/www.caplift.de\/fr\/wp-json\/wp\/v2\/types\/page"}],"author":[{"embeddable":true,"href":"https:\/\/www.caplift.de\/fr\/wp-json\/wp\/v2\/users\/2"}],"replies":[{"embeddable":true,"href":"https:\/\/www.caplift.de\/fr\/wp-json\/wp\/v2\/comments?post=798"}],"version-history":[{"count":0,"href":"https:\/\/www.caplift.de\/fr\/wp-json\/wp\/v2\/pages\/798\/revisions"}],"wp:attachment":[{"href":"https:\/\/www.caplift.de\/fr\/wp-json\/wp\/v2\/media?parent=798"}],"curies":[{"name":"wp","href":"https:\/\/api.w.org\/{rel}","templated":true}]}}