{"id":751,"date":"2023-11-29T11:44:01","date_gmt":"2023-11-29T10:44:01","guid":{"rendered":"https:\/\/www.caplift.de\/?page_id=751"},"modified":"2024-02-16T11:20:05","modified_gmt":"2024-02-16T10:20:05","slug":"imprimer","status":"publish","type":"page","link":"https:\/\/www.caplift.de\/fr\/imprimer\/","title":{"rendered":"Imprimer"},"content":{"rendered":"<div  class='flex_column av-2nrv-a5018e2d1d6005389b80fddf5b52d75f av_one_full  avia-builder-el-0  avia-builder-el-no-sibling  first flex_column_div  '     ><section  class='av_textblock_section av-lpjn04it-1c5959fc36d72636bbc9caa57f928594 '   itemscope=\"itemscope\" itemtype=\"https:\/\/schema.org\/CreativeWork\" ><div class='avia_textblock'  itemprop=\"text\" ><h1>Imprimer<\/h1>\n<p>Op\u00e9rateur et contact :<\/p>\n<p>SKZ Soci\u00e9t\u00e9 Distributrice<br \/>\nFrank Stra\u00dfer<br \/>\nT\u00fcfinger Stra\u00dfe 6<br \/>\n88690 Uhldingen-M\u00fchlhofen<br \/>\nAllemagne<\/p>\n<p>T\u00e9l\u00e9phone: +49 7556 929730<br \/>\ninfo@caplift.de<br \/>\n<a href=\"https:\/\/www.caplift.de\/fr\/\" target=\"_blank\" rel=\"noopener\">https:\/\/www.caplift.de<\/a><\/p>\n<p>Protection des marques<\/p>\n<p>CAPLIFT est sous le num\u00e9ro : DE 20 2012 008 343 enregistr\u00e9 et prot\u00e9g\u00e9 comme mod\u00e8le d\u2019utilit\u00e9.<br \/>\nCAPLIFT est sous la Nr.: DE 10 2012 110 706 (DPMA) et Nr.: EP 2703333 (Office europ\u00e9en des brevets) enregistr\u00e9 et prot\u00e9g\u00e9 par un brevet.<\/p>\n<\/div><\/section><br \/>\n<section  class='av_textblock_section av-lsohxc2u-dda103e27f333aa1681af812192da732 '   itemscope=\"itemscope\" itemtype=\"https:\/\/schema.org\/CreativeWork\" ><div class='avia_textblock'  itemprop=\"text\" ><p>Partenaire commercial Luxembourg, France:<\/p>\n<p>AUTOPARTS S\u00e0rl<br \/>\n70, rue de Cessange<br \/>\nL-1320 Luxembourg<\/p>\n<\/div><\/section><br \/>\n\n<style type=\"text\/css\" data-created_by=\"avia_inline_auto\" id=\"style-css-av-lsohzc5u-050fada9c64de9750cf23ae322641c79\">\n.avia-image-container.av-lsohzc5u-050fada9c64de9750cf23ae322641c79 img.avia_image{\nbox-shadow:none;\n}\n.avia-image-container.av-lsohzc5u-050fada9c64de9750cf23ae322641c79 .av-image-caption-overlay-center{\ncolor:#ffffff;\n}\n<\/style>\n<div  class='avia-image-container av-lsohzc5u-050fada9c64de9750cf23ae322641c79 av-styling- avia-align-left  avia-builder-el-3  el_after_av_textblock  el_before_av_hr '   itemprop=\"image\" itemscope=\"itemscope\" itemtype=\"https:\/\/schema.org\/ImageObject\" ><div class=\"avia-image-container-inner\"><div class=\"avia-image-overlay-wrap\"><img decoding=\"async\" fetchpriority=\"high\" class='wp-image-763 avia-img-lazy-loading-not-763 avia_image ' src=\"https:\/\/www.caplift.de\/wp-content\/uploads\/2024\/02\/APL-Logo.png\" alt='' title='APL-Logo'  height=\"118\" width=\"94\"  itemprop=\"thumbnailUrl\"  \/><\/div><\/div><\/div><br \/>\n\n<style type=\"text\/css\" data-created_by=\"avia_inline_auto\" id=\"style-css-av-lsoi0m7a-b8c09555107999020f8d4cab06db1fdf\">\n#top .hr.hr-invisible.av-lsoi0m7a-b8c09555107999020f8d4cab06db1fdf{\nheight:60px;\n}\n<\/style>\n<div  class='hr av-lsoi0m7a-b8c09555107999020f8d4cab06db1fdf hr-invisible  avia-builder-el-4  el_after_av_image  el_before_av_textblock '><span class='hr-inner '><span class=\"hr-inner-style\"><\/span><\/span><\/div><br \/>\n<section  class='av_textblock_section av-lsohvn4b-ebc72b75b1e336d51c65237e4ac66698 '   itemscope=\"itemscope\" itemtype=\"https:\/\/schema.org\/CreativeWork\" ><div class='avia_textblock'  itemprop=\"text\" ><p>R\u00e9solution des litiges<\/p>\n<p>La Commission europ\u00e9enne met \u00e0 disposition une plateforme de r\u00e9solution des litiges en ligne (OS) :<br \/>\nwww.ec.europa.eu\/consumers\/odr.<br \/>\nNous ne sommes ni dispos\u00e9s ni oblig\u00e9s de participer \u00e0 une proc\u00e9dure de r\u00e8glement des litiges devant un conseil d&rsquo;arbitrage des consommateurs.<\/p>\n<p>Images et graphiques<\/p>\n<p>Informations sur la source des images et du mat\u00e9riel graphique utilis\u00e9 :<br \/>\nBernd Giesser<br \/>\nFrank Stra\u00dfer<br \/>\nTous droits r\u00e9serv\u00e9s.<\/p>\n<p>Responsabilit\u00e9 pour les liens<\/p>\n<p>Notre offre contient des liens vers des sites Internet de tiers externes sur le contenu desquels nous n&rsquo;avons aucune influence. Nous ne pouvons donc assumer aucune responsabilit\u00e9 pour ce contenu externe. Le fournisseur ou l&rsquo;exploitant respectif des pages est toujours responsable du contenu des pages li\u00e9es. Les pages li\u00e9es ont \u00e9t\u00e9 v\u00e9rifi\u00e9es au moment de la cr\u00e9ation du lien pour d\u00e9tecter d&rsquo;\u00e9ventuelles violations de la loi. Aucun contenu ill\u00e9gal n&rsquo;\u00e9tait apparent au moment de la cr\u00e9ation du lien.<\/p>\n<p>Un contr\u00f4le permanent du contenu des pages li\u00e9es n&rsquo;est toutefois pas raisonnable sans preuves concr\u00e8tes d&rsquo;une violation de la loi. Si nous avons connaissance de violations de la loi, nous supprimerons imm\u00e9diatement ces liens.<\/p>\n<p>Droits d&rsquo;auteur<\/p>\n<p>Le contenu et les \u0153uvres de ces pages cr\u00e9\u00e9es par les exploitants du site sont soumis \u00e0 la loi allemande sur le droit d&rsquo;auteur. La reproduction, le traitement, la distribution et toute forme d&rsquo;exploitation en dehors des limites du droit d&rsquo;auteur n\u00e9cessitent l&rsquo;accord \u00e9crit de l&rsquo;auteur ou du cr\u00e9ateur respectif. Les t\u00e9l\u00e9chargements et les copies de cette page ne sont autoris\u00e9s que pour un usage priv\u00e9 et non commercial.<\/p>\n<p>Les t\u00e9l\u00e9chargements et les copies de cette page ne sont pas autoris\u00e9s pour un usage priv\u00e9 et non commercial. En particulier, les contenus de tiers sont marqu\u00e9s comme tels. Si vous constatez n\u00e9anmoins une violation du droit d&rsquo;auteur, nous vous demandons de nous en informer. Si nous avons connaissance de violations de la loi, nous supprimerons imm\u00e9diatement ce contenu.<\/p>\n<p>Quelle: <a class=\"nonblock\" href=\"http:\/\/www.deutsche-anwaltshotline.de\/recht-auf-ihrer-website\/impressum-generator&#039;%3EImpressum-Generator\" target=\"_blank\" rel=\"noopener\">Impressum-Generator<\/a> der Deutschen Anwaltshotline AG<\/p>\n<\/div><\/section><\/p><\/div>\n","protected":false},"excerpt":{"rendered":"","protected":false},"author":2,"featured_media":0,"parent":0,"menu_order":0,"comment_status":"closed","ping_status":"closed","template":"","meta":{"footnotes":""},"class_list":["post-751","page","type-page","status-publish","hentry"],"_links":{"self":[{"href":"https:\/\/www.caplift.de\/fr\/wp-json\/wp\/v2\/pages\/751","targetHints":{"allow":["GET"]}}],"collection":[{"href":"https:\/\/www.caplift.de\/fr\/wp-json\/wp\/v2\/pages"}],"about":[{"href":"https:\/\/www.caplift.de\/fr\/wp-json\/wp\/v2\/types\/page"}],"author":[{"embeddable":true,"href":"https:\/\/www.caplift.de\/fr\/wp-json\/wp\/v2\/users\/2"}],"replies":[{"embeddable":true,"href":"https:\/\/www.caplift.de\/fr\/wp-json\/wp\/v2\/comments?post=751"}],"version-history":[{"count":0,"href":"https:\/\/www.caplift.de\/fr\/wp-json\/wp\/v2\/pages\/751\/revisions"}],"wp:attachment":[{"href":"https:\/\/www.caplift.de\/fr\/wp-json\/wp\/v2\/media?parent=751"}],"curies":[{"name":"wp","href":"https:\/\/api.w.org\/{rel}","templated":true}]}}