{"id":637,"date":"2023-11-27T09:24:22","date_gmt":"2023-11-27T08:24:22","guid":{"rendered":"https:\/\/www.caplift.de\/?page_id=637"},"modified":"2024-02-15T13:44:16","modified_gmt":"2024-02-15T12:44:16","slug":"references","status":"publish","type":"page","link":"https:\/\/www.caplift.de\/fr\/references\/","title":{"rendered":"R\u00e9f\u00e9rences &#8211; Ce que les autres disent de CAPLIFT"},"content":{"rendered":"<div id='full_slider_1'  class='avia-fullwidth-slider main_color avia-shadow   avia-builder-el-0  el_before_av_section  avia-builder-el-first   container_wrap fullsize'  ><div  class='avia-slideshow av-lkw9hnfe-46650313f2ee3f20c1fdff6802fc6727 avia-slideshow-no scaling av_slideshow_full avia-slide-slider av-slideshow-ui av-control-default av-slideshow-manual av-loop-once av-loop-manual-endless av-default-height-applied   avia-slideshow-1' data-slideshow-options=\"{&quot;animation&quot;:&quot;slide&quot;,&quot;autoplay&quot;:false,&quot;loop_autoplay&quot;:&quot;once&quot;,&quot;interval&quot;:5,&quot;loop_manual&quot;:&quot;manual-endless&quot;,&quot;autoplay_stopper&quot;:false,&quot;noNavigation&quot;:false,&quot;bg_slider&quot;:false,&quot;keep_padding&quot;:false,&quot;hoverpause&quot;:false,&quot;show_slide_delay&quot;:0}\"  itemprop=\"image\" itemscope=\"itemscope\" itemtype=\"https:\/\/schema.org\/ImageObject\" ><ul class='avia-slideshow-inner ' style='padding-bottom: 42.027972028%;'><li  class='avia-slideshow-slide av-lkw9hnfe-46650313f2ee3f20c1fdff6802fc6727__0  av-single-slide slide-1 slide-odd'><div data-rel='slideshow-1' class='avia-slide-wrap '   ><div class='av-slideshow-caption av-lkw9hnfe-46650313f2ee3f20c1fdff6802fc6727__0 caption_fullwidth caption_bottom'><div class=\"container caption_container\"><div class=\"slideshow_caption\"><div class=\"slideshow_inner_caption\"><div class=\"slideshow_align_caption\"><h2 class='avia-caption-title '  itemprop=\"name\" >CAPLIFT en Allemagne et au Luxembourg<\/h2><\/div><\/div><\/div><\/div><\/div><img decoding=\"async\" fetchpriority=\"high\" class=\"wp-image-579 avia-img-lazy-loading-not-579\"  src=\"https:\/\/www.caplift.de\/wp-content\/uploads\/2023\/11\/maps-karte.png\" width=\"1430\" height=\"601\" title='map-karte' alt=''  itemprop=\"thumbnailUrl\" srcset=\"https:\/\/www.caplift.de\/wp-content\/uploads\/2023\/11\/maps-karte.png 1430w, https:\/\/www.caplift.de\/wp-content\/uploads\/2023\/11\/maps-karte-300x126.png 300w, https:\/\/www.caplift.de\/wp-content\/uploads\/2023\/11\/maps-karte-1030x433.png 1030w, https:\/\/www.caplift.de\/wp-content\/uploads\/2023\/11\/maps-karte-768x323.png 768w, https:\/\/www.caplift.de\/wp-content\/uploads\/2023\/11\/maps-karte-705x296.png 705w\" sizes=\"(max-width: 1430px) 100vw, 1430px\" \/><\/div><\/li><\/ul><\/div><\/div>\n<div id='av_section_1'  class='avia-section av-4i8wjl-8ee60ff02ce6a401dff61a0ea4faec3c main_color avia-section-default avia-no-border-styling  avia-builder-el-1  el_after_av_slideshow_full  el_before_av_section  avia-bg-style-scroll container_wrap fullsize'  ><div class='container av-section-cont-open' ><div class='template-page content  av-content-full alpha units'><div class='post-entry post-entry-type-page post-entry-637'><div class='entry-content-wrapper clearfix'>\n<div  class='flex_column av-4eoky1-4b96cf8db97f7cd4e447a02f018e9fc5 av_one_full  avia-builder-el-2  el_before_av_one_fifth  avia-builder-el-first  first flex_column_div  '     ><style type=\"text\/css\" data-created_by=\"avia_inline_auto\" id=\"style-css-av-4aczv5-e0d2fc5c982b21a12d9a7f1d18db7c36\">\n#top .av-special-heading.av-4aczv5-e0d2fc5c982b21a12d9a7f1d18db7c36{\npadding-bottom:10px;\n}\nbody .av-special-heading.av-4aczv5-e0d2fc5c982b21a12d9a7f1d18db7c36 .av-special-heading-tag .heading-char{\nfont-size:25px;\n}\n.av-special-heading.av-4aczv5-e0d2fc5c982b21a12d9a7f1d18db7c36 .av-subheading{\nfont-size:15px;\n}\n<\/style>\n<div  class='av-special-heading av-4aczv5-e0d2fc5c982b21a12d9a7f1d18db7c36 av-special-heading-h2 blockquote modern-quote modern-centered  avia-builder-el-3  avia-builder-el-no-sibling '><h2 class='av-special-heading-tag '  itemprop=\"headline\"  >CAPLIFT en Allemagne et au Luxembourg<\/h2><div class=\"special-heading-border\"><div class=\"special-heading-inner-border\"><\/div><\/div><\/div><\/div><div  class='flex_column av-av_one_fifth-7714eba142aeda1f8b5272a3c372b279 av_one_fifth  avia-builder-el-4  el_after_av_one_full  el_before_av_three_fifth  first flex_column_div  column-top-margin'     ><\/div><div  class='flex_column av-av_three_fifth-f1c518e9ff58e869f80c8f093487abc9 av_three_fifth  avia-builder-el-5  el_after_av_one_fifth  el_before_av_one_fifth  flex_column_div  column-top-margin'     ><p><div  class='avia-button-wrap avia-button-center  avia-builder-el-6  el_before_av_textblock  avia-builder-el-first '>\n<style type=\"text\/css\" data-created_by=\"avia_inline_auto\" id=\"style-css-av-lpu3fxk6-4e6b4a41714481f85b9899ddb09cc313\">\n#top #wrap_all .avia-button.av-lpu3fxk6-4e6b4a41714481f85b9899ddb09cc313:hover{\ncolor:white;\ntransition:all 0.4s ease-in-out;\n}\n<\/style>\n<a href=\"https:\/\/www.google.com\/maps\/d\/viewer?mid=1mw0B1Ft9hFCOFVJ5RhOOAkpGn7s&amp;femb=1&amp;ll=50.781807253116014%2C10.243613699999976&amp;z=6\" class=\"avia-color-theme-color avia-font-color-theme-color avia-button avia-button-fullwidth av-lpu3fxk6-4e6b4a41714481f85b9899ddb09cc313 avia-icon_select-yes-left-icon avia-color-theme-color\" target=\"_blank\" rel=\"noopener noreferrer\" aria-label=\"carte client interactive\"><span class='avia_button_icon avia_button_icon_left' aria-hidden='true' data-av_icon='\ue8b1' data-av_iconfont='entypo-fontello'><\/span><span class='avia_iconbox_title' >carte client interactive<\/span><div class='av-button-description av-button-description-below'><p>Vous pouvez voir nos clients ici.<\/p>\n<\/div><span class='avia_button_background avia-button avia-button-fullwidth avia-color-theme-color-highlight'><\/span><\/a><\/div><br \/>\n<section  class='av_textblock_section av-lph9n5iy-ea132d02a835b8b9f9e865d68392a4de '   itemscope=\"itemscope\" itemtype=\"https:\/\/schema.org\/CreativeWork\" ><div class='av-desktop-hide av-medium-hide av-small-hide av-mini-hide avia_textblock'  itemprop=\"text\" ><p style=\"text-align: center;\">Vous pouvez consulter notre carte interactive de clients ici.<br \/>\n<a href=\"https:\/\/www.google.com\/maps\/d\/viewer?mid=1mw0B1Ft9hFCOFVJ5RhOOAkpGn7s&amp;femb=1&amp;ll=50.781807253116014%2C10.243613699999976&amp;z=6\" target=\"_blank\" rel=\"noopener\">https:\/\/www.google.com\/maps\/d\/viewer?mid=1mw0B1Ft9hFCOFVJ5RhOOAkpGn7s&amp;femb=1&amp;ll=50.781807253116014%2C10.243613699999976&amp;z=6<\/a><\/p>\n<\/div><\/section><\/p><\/div><div  class='flex_column av-av_one_fifth-f1c518e9ff58e869f80c8f093487abc9 av_one_fifth  avia-builder-el-8  el_after_av_three_fifth  avia-builder-el-last  flex_column_div  column-top-margin'     ><\/div><\/div><\/div><\/div><!-- close content main div --><\/div><\/div><div id='av_section_2'  class='avia-section av-3j95gp-a3e9f93ba2a6385e6e8cde54f675302e main_color avia-section-default avia-no-border-styling  avia-builder-el-9  el_after_av_section  avia-builder-el-last  avia-bg-style-scroll container_wrap fullsize'  ><div class='container av-section-cont-open' ><div class='template-page content  av-content-full alpha units'><div class='post-entry post-entry-type-page post-entry-637'><div class='entry-content-wrapper clearfix'>\n<div  class='flex_column av-3ecgcp-850a3c1487cf97636eb99a49ac62cbad av_one_full  avia-builder-el-10  el_before_av_one_full  avia-builder-el-first  first flex_column_div  '     ><style type=\"text\/css\" data-created_by=\"avia_inline_auto\" id=\"style-css-av-395x2p-48baa466952746507641a062016ee9b8\">\n#top .av-special-heading.av-395x2p-48baa466952746507641a062016ee9b8{\npadding-bottom:10px;\n}\nbody .av-special-heading.av-395x2p-48baa466952746507641a062016ee9b8 .av-special-heading-tag .heading-char{\nfont-size:25px;\n}\n.av-special-heading.av-395x2p-48baa466952746507641a062016ee9b8 .av-subheading{\nfont-size:15px;\n}\n<\/style>\n<div  class='av-special-heading av-395x2p-48baa466952746507641a062016ee9b8 av-special-heading-h2 blockquote modern-quote modern-centered  avia-builder-el-11  avia-builder-el-no-sibling '><h2 class='av-special-heading-tag '  itemprop=\"headline\"  >Ce que les autres disent de CAPLIFT<\/h2><div class=\"special-heading-border\"><div class=\"special-heading-inner-border\"><\/div><\/div><\/div><\/div><div  class='flex_column av-350zyp-0cb4bf33a92a665a44aa0dc6bfa9d59c av_one_full  avia-builder-el-12  el_after_av_one_full  el_before_av_one_fourth  first flex_column_div  column-top-margin'     ><style type=\"text\/css\" data-created_by=\"avia_inline_auto\" id=\"style-css-av-2yzfeh-81eda137f7a01dc377bf7e8b2f0c47c6\">\n#top .avia-testimonial-wrapper.av-2yzfeh-81eda137f7a01dc377bf7e8b2f0c47c6 .avia-testimonial-content{\nfont-size:16px;\n}\n<\/style>\n<div  class='avia-testimonial-wrapper av-2yzfeh-81eda137f7a01dc377bf7e8b2f0c47c6 avia-grid-testimonials avia-grid-2-testimonials avia_animate_when_almost_visible' >\n<section class=\"avia-testimonial-row\"><div class='avia-testimonial av-2sjimx-1b0c717c282c042156dcf1331bd2b5b0 avia-testimonial-row-1 avia-first-testimonial flex_column no_margin av_one_half'><div class='avia-testimonial_inner'  itemscope=\"itemscope\" itemtype=\"https:\/\/schema.org\/CreativeWork\" ><div class='avia-testimonial-image'  itemprop=\"image\" ><img loading=\"lazy\" decoding=\"async\" width=\"180\" height=\"180\" src=\"https:\/\/www.caplift.de\/wp-content\/uploads\/2023\/11\/img-20141117-wa0005-180x180.jpg\" class=\"attachment-square size-square\" alt=\"\" srcset=\"https:\/\/www.caplift.de\/wp-content\/uploads\/2023\/11\/img-20141117-wa0005-180x180.jpg 180w, https:\/\/www.caplift.de\/wp-content\/uploads\/2023\/11\/img-20141117-wa0005-80x80.jpg 80w, https:\/\/www.caplift.de\/wp-content\/uploads\/2023\/11\/img-20141117-wa0005-36x36.jpg 36w\" sizes=\"auto, (max-width: 180px) 100vw, 180px\" \/><\/div><div class='avia-testimonial-content '><div class='avia-testimonial-markup-entry-content'  itemprop=\"text\" ><p>Nous travaillons avec Caplift depuis Mars 2014 et sommes enchant\u00e9s par cet appareil.<\/p>\n<p>Le gain de temps de l&rsquo;ouverture des plaques compl\u00e8tement bloqu\u00e9es est \u00e9norme. Le danger de se blesser par des \u00e9clats de m\u00e9taux est consid\u00e9rablement r\u00e9duit. Les efforts physiques sont minimis\u00e9s gr\u00e2ce \u00e0 la force de traction. Nous vous recommandons vivement Caplift, cet appareil simplifie notre travail.<\/p>\n<\/div><\/div><div class=\"avia-testimonial-meta\"><div class=\"avia-testimonial-arrow-wrap\"><div class=\"avia-arrow\"><\/div><\/div><div class='avia-testimonial-meta-mini'  itemprop=\"author\" itemscope=\"itemscope\" itemtype=\"https:\/\/schema.org\/Person\" ><strong  class='avia-testimonial-name'  itemprop=\"name\" >TWS Netz Ravensburg (50.000 Habitant)<\/strong><span  class='avia-testimonial-subtitle '  itemprop=\"jobTitle\" >Oliver Hund - TWS Netz GmbH<\/span><\/div><\/div><\/div><\/div>\n<div class='avia-testimonial av-2m3cm1-1494076ca85eee79e926bfba59b8921d avia-testimonial-row-1 avia-last-testimonial flex_column no_margin av_one_half'><div class='avia-testimonial_inner'  itemscope=\"itemscope\" itemtype=\"https:\/\/schema.org\/CreativeWork\" ><div class='avia-testimonial-image'  itemprop=\"image\" ><img loading=\"lazy\" decoding=\"async\" width=\"180\" height=\"180\" src=\"https:\/\/www.caplift.de\/wp-content\/uploads\/2023\/11\/20141119_1306380-180x180.jpg\" class=\"attachment-square size-square\" alt=\"\" srcset=\"https:\/\/www.caplift.de\/wp-content\/uploads\/2023\/11\/20141119_1306380-180x180.jpg 180w, https:\/\/www.caplift.de\/wp-content\/uploads\/2023\/11\/20141119_1306380-80x80.jpg 80w, https:\/\/www.caplift.de\/wp-content\/uploads\/2023\/11\/20141119_1306380-36x36.jpg 36w\" sizes=\"auto, (max-width: 180px) 100vw, 180px\" \/><\/div><div class='avia-testimonial-content '><div class='avia-testimonial-markup-entry-content'  itemprop=\"text\" ><p>En faveur de Caplift, les plus importants arguments, pour nous, sont:<br \/>\n&#8211; Gain de temps<br \/>\n&#8211; Diminution des efforts et du mat\u00e9riel<br \/>\n&#8211; Baisse drastique d&rsquo;accidents<\/p>\n<p>Nous vous conseillons Caplift!<\/p>\n<\/div><\/div><div class=\"avia-testimonial-meta\"><div class=\"avia-testimonial-arrow-wrap\"><div class=\"avia-arrow\"><\/div><\/div><div class='avia-testimonial-meta-mini'  itemprop=\"author\" itemscope=\"itemscope\" itemtype=\"https:\/\/schema.org\/Person\" ><strong  class='avia-testimonial-name'  itemprop=\"name\" >Centre de distribution des eaux de Uhldingen-M\u00fchlhofen (7.880 Habitant)<\/strong><span  class='avia-testimonial-subtitle '  itemprop=\"jobTitle\" >Matthias Herzog Ma\u00eetre des Eaux et Manuel Wiedenhorn adjoints<\/span><\/div><\/div><\/div><\/div><\/section>\n<section class=\"avia-testimonial-row\"><div class='avia-testimonial av-2e1i75-4458514cb9e116fc1c05878d1c183067 avia-testimonial-row-2 avia-first-testimonial flex_column no_margin av_one_half'><div class='avia-testimonial_inner'  itemscope=\"itemscope\" itemtype=\"https:\/\/schema.org\/CreativeWork\" ><div class='avia-testimonial-image'  itemprop=\"image\" ><img loading=\"lazy\" decoding=\"async\" width=\"140\" height=\"180\" src=\"https:\/\/www.caplift.de\/wp-content\/uploads\/2023\/11\/20141119_134629-140x180.jpg\" class=\"attachment-square size-square\" alt=\"\" \/><\/div><div class='avia-testimonial-content '><div class='avia-testimonial-markup-entry-content'  itemprop=\"text\" ><p>Enfin la solution !&#8230; Bien que notre commune soit petite, nous rencontrons parfois des probl\u00e8mes avec des plaques bloqu\u00e9es, qui n&rsquo;a pas \u00e9t\u00e9 un jour confront\u00e9 \u00e0 ce souci ?<\/p>\n<p>Pourquoi perdre son temps avec des plaques bloqu\u00e9es si je peux utiliser Caplift ?<\/p>\n<p>Caplift facilite le travail! Je ne peux que vous le conseiller !<\/p>\n<\/div><\/div><div class=\"avia-testimonial-meta\"><div class=\"avia-testimonial-arrow-wrap\"><div class=\"avia-arrow\"><\/div><\/div><div class='avia-testimonial-meta-mini'  itemprop=\"author\" itemscope=\"itemscope\" itemtype=\"https:\/\/schema.org\/Person\" ><strong  class='avia-testimonial-name'  itemprop=\"name\" >centre de distribution des eaux de Daisendorf (800 Habitants)<\/strong><span  class='avia-testimonial-subtitle '  itemprop=\"jobTitle\" >Ma\u00eetre de l\u2019eau Peter Winder<\/span><\/div><\/div><\/div><\/div>\n<div class='avia-testimonial av-2anp61-e030030c22872438fd1c9551a05a8403 avia-testimonial-row-2 avia-last-testimonial flex_column no_margin av_one_half'><div class='avia-testimonial_inner'  itemscope=\"itemscope\" itemtype=\"https:\/\/schema.org\/CreativeWork\" ><div class='avia-testimonial-image'  itemprop=\"image\" ><img loading=\"lazy\" decoding=\"async\" width=\"180\" height=\"130\" src=\"https:\/\/www.caplift.de\/wp-content\/uploads\/2023\/11\/imag0067-crop-u874-180x130.jpg\" class=\"attachment-square size-square\" alt=\"\" \/><\/div><div class='avia-testimonial-content '><div class='avia-testimonial-markup-entry-content'  itemprop=\"text\" ><p>Je suis enchant\u00e9 de travailler avec Caplift. L&rsquo;ouverture des plaques se fait beaucoup plus vite et est donc moins astreignante qu&rsquo;avant. Le danger d&rsquo;accidents par la projection d&rsquo;\u00e9clats de fonte est consid\u00e9rablement r\u00e9duit! Nous vous recommandons Caplift en toute sinc\u00e9rit\u00e9.<\/p>\n<\/div><\/div><div class=\"avia-testimonial-meta\"><div class=\"avia-testimonial-arrow-wrap\"><div class=\"avia-arrow\"><\/div><\/div><div class='avia-testimonial-meta-mini'  itemprop=\"author\" itemscope=\"itemscope\" itemtype=\"https:\/\/schema.org\/Person\" ><span  class='avia-testimonial-subtitle '  itemprop=\"jobTitle\" >Carsten Mahal Ma\u00eetre des canalisations<\/span><\/div><\/div><\/div><\/div><\/section>\n<\/div><\/div><div class='flex_column_table av-23nut5-cd30393ed1fb5ee8a2c875a0ae61e373 sc-av_one_fourth av-equal-height-column-flextable'><div  class='flex_column av-23nut5-cd30393ed1fb5ee8a2c875a0ae61e373 av_one_fourth  avia-builder-el-14  el_after_av_one_full  el_before_av_one_fourth  first flex_column_table_cell av-equal-height-column av-align-top  column-top-margin'     ><p>\n<style type=\"text\/css\" data-created_by=\"avia_inline_auto\" id=\"style-css-av-1yypax-3a5c4e5c59d99676cff57a729e546761\">\n.avia-image-container.av-1yypax-3a5c4e5c59d99676cff57a729e546761 img.avia_image{\nbox-shadow:none;\n}\n.avia-image-container.av-1yypax-3a5c4e5c59d99676cff57a729e546761 .av-image-caption-overlay-center{\ncolor:#ffffff;\n}\n<\/style>\n<div  class='avia-image-container av-1yypax-3a5c4e5c59d99676cff57a729e546761 av-styling- av-hover-grow avia_animated_image av-animated-when-visible-95 fade-in avia-align-center  avia-builder-el-15  el_before_av_textblock  avia-builder-el-first '   itemprop=\"image\" itemscope=\"itemscope\" itemtype=\"https:\/\/schema.org\/ImageObject\" ><div class=\"avia-image-container-inner\"><div class=\"avia-image-overlay-wrap\"><img decoding=\"async\" fetchpriority=\"high\" class='wp-image-545 avia-img-lazy-loading-not-545 avia_image ' src=\"https:\/\/www.caplift.de\/wp-content\/uploads\/2023\/11\/logo-tws.jpg\" alt='' title='TWS Netz GmbH, Ravensburg'  height=\"72\" width=\"100\"  itemprop=\"thumbnailUrl\"  \/><\/div><\/div><\/div><br \/>\n<section  class='av_textblock_section av-1px6xt-e3de87624472829da182eb0415f05dfa '   itemscope=\"itemscope\" itemtype=\"https:\/\/schema.org\/CreativeWork\" ><div class='avia_textblock'  itemprop=\"text\" ><p style=\"text-align: center;\">TWS Netz GmbH, Ravensburg<\/p>\n<\/div><\/section><\/p><\/div><div class='av-flex-placeholder'><\/div><div  class='flex_column av-1jfs5t-98cb5a4e4608365b96d487a8f99d668e av_one_fourth  avia-builder-el-17  el_after_av_one_fourth  el_before_av_one_fourth  flex_column_table_cell av-equal-height-column av-align-top  column-top-margin'     ><p>\n<style type=\"text\/css\" data-created_by=\"avia_inline_auto\" id=\"style-css-av-1ckpvd-1745949d9ecf06e8f266ab2a5819f194\">\n.avia-image-container.av-1ckpvd-1745949d9ecf06e8f266ab2a5819f194 img.avia_image{\nbox-shadow:none;\n}\n.avia-image-container.av-1ckpvd-1745949d9ecf06e8f266ab2a5819f194 .av-image-caption-overlay-center{\ncolor:#ffffff;\n}\n<\/style>\n<div  class='avia-image-container av-1ckpvd-1745949d9ecf06e8f266ab2a5819f194 av-styling- av-hover-grow avia_animated_image av-animated-when-visible-95 fade-in avia-align-center  avia-builder-el-18  el_before_av_textblock  avia-builder-el-first '   itemprop=\"image\" itemscope=\"itemscope\" itemtype=\"https:\/\/schema.org\/ImageObject\" ><div class=\"avia-image-container-inner\"><div class=\"avia-image-overlay-wrap\"><img decoding=\"async\" fetchpriority=\"high\" class='wp-image-543 avia-img-lazy-loading-not-543 avia_image ' src=\"https:\/\/www.caplift.de\/wp-content\/uploads\/2023\/11\/logo-uhld-m.jpg\" alt='' title='Wasserwerk Gemeinde Uhldingen-M\u00fchlhofen'  height=\"92\" width=\"100\"  itemprop=\"thumbnailUrl\"  \/><\/div><\/div><\/div><br \/>\n<section  class='av_textblock_section av-1an60h-5a1e73ec864239379fa40aa40976c906 '   itemscope=\"itemscope\" itemtype=\"https:\/\/schema.org\/CreativeWork\" ><div class='avia_textblock'  itemprop=\"text\" ><p style=\"text-align: center;\">Aqueduc Uhldingen-M\u00fchlhofen<\/p>\n<\/div><\/section><\/p><\/div><div class='av-flex-placeholder'><\/div><div  class='flex_column av-15jwsh-e30a0af36b2ebadbebbbced625e5079e av_one_fourth  avia-builder-el-20  el_after_av_one_fourth  el_before_av_one_fourth  flex_column_table_cell av-equal-height-column av-align-top  column-top-margin'     ><p>\n<style type=\"text\/css\" data-created_by=\"avia_inline_auto\" id=\"style-css-av-zitz5-5ad4048b0ff4508b066dd14404d63073\">\n.avia-image-container.av-zitz5-5ad4048b0ff4508b066dd14404d63073 img.avia_image{\nbox-shadow:none;\n}\n.avia-image-container.av-zitz5-5ad4048b0ff4508b066dd14404d63073 .av-image-caption-overlay-center{\ncolor:#ffffff;\n}\n<\/style>\n<div  class='avia-image-container av-zitz5-5ad4048b0ff4508b066dd14404d63073 av-styling- av-hover-grow avia_animated_image av-animated-when-visible-95 fade-in avia-align-center  avia-builder-el-21  el_before_av_textblock  avia-builder-el-first '   itemprop=\"image\" itemscope=\"itemscope\" itemtype=\"https:\/\/schema.org\/ImageObject\" ><div class=\"avia-image-container-inner\"><div class=\"avia-image-overlay-wrap\"><img decoding=\"async\" fetchpriority=\"high\" class='wp-image-541 avia-img-lazy-loading-not-541 avia_image ' src=\"https:\/\/www.caplift.de\/wp-content\/uploads\/2023\/11\/logo-daisendorf.jpg\" alt='' title='Wasserwerk Gemeinde Daisendorf'  height=\"60\" width=\"100\"  itemprop=\"thumbnailUrl\"  \/><\/div><\/div><\/div><br \/>\n<section  class='av_textblock_section av-q15tl-760849bd66d5065555b3bd5ddce0dc92 '   itemscope=\"itemscope\" itemtype=\"https:\/\/schema.org\/CreativeWork\" ><div class='avia_textblock'  itemprop=\"text\" ><p style=\"text-align: center;\">Aqueduc Daisendorf<\/p>\n<\/div><\/section><\/p><\/div><div class='av-flex-placeholder'><\/div><div  class='flex_column av-n4lxl-b8e0b494a844569b08ec63e6a454d8a3 av_one_fourth  avia-builder-el-23  el_after_av_one_fourth  avia-builder-el-last  flex_column_table_cell av-equal-height-column av-align-top  column-top-margin'     ><p>\n<style type=\"text\/css\" data-created_by=\"avia_inline_auto\" id=\"style-css-av-d0znl-370b17ab2bbbbf26a1ea64614f891a20\">\n.avia-image-container.av-d0znl-370b17ab2bbbbf26a1ea64614f891a20 img.avia_image{\nbox-shadow:none;\n}\n.avia-image-container.av-d0znl-370b17ab2bbbbf26a1ea64614f891a20 .av-image-caption-overlay-center{\ncolor:#ffffff;\n}\n<\/style>\n<div  class='avia-image-container av-d0znl-370b17ab2bbbbf26a1ea64614f891a20 av-styling- av-hover-grow avia_animated_image av-animated-when-visible-95 fade-in avia-align-center  avia-builder-el-24  el_before_av_textblock  avia-builder-el-first '   itemprop=\"image\" itemscope=\"itemscope\" itemtype=\"https:\/\/schema.org\/ImageObject\" ><div class=\"avia-image-container-inner\"><div class=\"avia-image-overlay-wrap\"><img decoding=\"async\" fetchpriority=\"high\" class='wp-image-539 avia-img-lazy-loading-not-539 avia_image ' src=\"https:\/\/www.caplift.de\/wp-content\/uploads\/2023\/11\/logo-bwv.jpg\" alt='' title='Bodensee Wasserversorgung'  height=\"84\" width=\"200\"  itemprop=\"thumbnailUrl\"  \/><\/div><\/div><\/div><br \/>\n<section  class='av_textblock_section av-bsbmp-0a197e62da8ed68a8ac98f6fbff8801a '   itemscope=\"itemscope\" itemtype=\"https:\/\/schema.org\/CreativeWork\" ><div class='avia_textblock'  itemprop=\"text\" ><p style=\"text-align: center;\">Aqueduc du lac de Constance<\/p>\n<\/div><\/section><\/p><\/div><\/div><!--close column table wrapper. Autoclose: 1 -->\n<\/p>\n","protected":false},"excerpt":{"rendered":"","protected":false},"author":2,"featured_media":511,"parent":0,"menu_order":0,"comment_status":"closed","ping_status":"closed","template":"","meta":{"footnotes":""},"class_list":["post-637","page","type-page","status-publish","has-post-thumbnail","hentry"],"_links":{"self":[{"href":"https:\/\/www.caplift.de\/fr\/wp-json\/wp\/v2\/pages\/637","targetHints":{"allow":["GET"]}}],"collection":[{"href":"https:\/\/www.caplift.de\/fr\/wp-json\/wp\/v2\/pages"}],"about":[{"href":"https:\/\/www.caplift.de\/fr\/wp-json\/wp\/v2\/types\/page"}],"author":[{"embeddable":true,"href":"https:\/\/www.caplift.de\/fr\/wp-json\/wp\/v2\/users\/2"}],"replies":[{"embeddable":true,"href":"https:\/\/www.caplift.de\/fr\/wp-json\/wp\/v2\/comments?post=637"}],"version-history":[{"count":0,"href":"https:\/\/www.caplift.de\/fr\/wp-json\/wp\/v2\/pages\/637\/revisions"}],"wp:featuredmedia":[{"embeddable":true,"href":"https:\/\/www.caplift.de\/fr\/wp-json\/wp\/v2\/media\/511"}],"wp:attachment":[{"href":"https:\/\/www.caplift.de\/fr\/wp-json\/wp\/v2\/media?parent=637"}],"curies":[{"name":"wp","href":"https:\/\/api.w.org\/{rel}","templated":true}]}}